
     {"id":1114,"date":"2021-09-15T16:40:14","date_gmt":"2021-09-15T15:40:14","guid":{"rendered":"https:\/\/coggenesis.dilonline.in\/?page_id=1114"},"modified":"2026-01-14T11:07:21","modified_gmt":"2026-01-14T10:07:21","slug":"school-policies","status":"publish","type":"page","link":"https:\/\/colegiomirasur.com\/en\/school-policies\/","title":{"rendered":"School Policies"},"content":{"rendered":"<div class=\"wpb-content-wrapper\"><p>[vc_row][vc_column]<section  class=\"bg-video-wrap hero section hero--centertext   \" style='background: url(https:\/\/colegiomirasur.com\/wp-content\/uploads\/sites\/92\/2023\/03\/Fotos-Mirasur-399.jpg) center ;background-size:cover ;'>\n                <div class=\"bg-overlay\" style='background:#000000;opacity:0.4;'><\/div>\n                <div class=\"overlay\" >\n                  <div class=\"container-fluid\">\n                    <div class=\"row\">\n                      <div class=\"col-md-12 col-lg-12\">\n\n                        <div class=\"caption text-start\"><div class=\"component sub-heading\" >\n                              <h1 class=\"display-h1\">School Policies<\/h1>\n                            <\/div><\/div>\n                      <\/div>\n                    <\/div>\n                  <\/div>\n                <\/div>\n              <\/section><div class='row  m-x-0 breadcrumb-wrap ' style=''><div class='container-fluid' >\n                <nav aria-label='breadcrumb'><ol class=\"breadcrumb mt-3\">\n                  <li class=\"breadcrumb-item\"><a href=\"https:\/\/colegiomirasur.com\/en\/\">Home<\/a><\/li>\n                  <li class=\"breadcrumb-item active\" aria-current=\"page\">School Policies<\/li>\n                <\/ol>\n              <\/nav>\n              <\/div>\n            <\/div>[\/vc_column][\/vc_row][vc_row][vc_column]<div class=\"wrapper\"><section  style='' class=\"section    pb-0 container-width \"><div class=\"container-fluid\"><div class=\"row m-0 align-items-center centerText \" >\n                        <div class=\"col-sm-12 col-md-10 col-lg-9 mx-auto\"><div class=\"sub-heading component\">\n                                        <h2 class=\"h5\">The safety, emotional and physical wellbeing of our pupils is our utmost priority<\/h2>\n                                    <\/div><div class=\"sub-heading component\"><p>At Mirasur School we are committed to providing a safe environment to ensure the physical and emotional wellbeing of pupils and staff. To this end we have created a series of policies and guidelines designed to ensure that we meet the highest standards.<\/p>\n<\/div><style>\n                        .flex-button {\n                        margin-top: 25px;\n                    } \n                        \n                    @media (max-width: 767px){\n                     .flex-button {\n                      display: block;\n                      margin-left: 0;\n                    }\n                    .flex-button .text-center{\n                     text-align: left !important;\n                    }\n                    }\n\n\n                        <\/style><\/div><\/div><\/section><\/div><div class=\"wrapper\"><section  style='margin-top:10px;' class=\"section    pt-0 container-width \"><div class=\"container-fluid\"><div class=\"row m-0 align-items-center centerText \" >\n                        <div class=\"col-sm-12 col-md-10 col-lg-9 mx-auto\"><div class=\"sub-heading component\"><p>These policies are regularly reviewed and updated. You can view\/download them here:<\/p>\n<\/div><style>\n                        .flex-button {\n                        margin-top: 25px;\n                    } \n                        \n                    @media (max-width: 767px){\n                     .flex-button {\n                      display: block;\n                      margin-left: 0;\n                    }\n                    .flex-button .text-center{\n                     text-align: left !important;\n                    }\n                    }\n\n\n                        <\/style><\/div><\/div><\/section><\/div>[\/vc_column][\/vc_row][vc_row][vc_column]\n            <div class=\"wrapper\">\n    <section  style='' class=\"section    container-width pt-0   \" ><div class=\"container-fluid\"><div class=\"row    \"><div class=\" col-lg-6 col-md-6      \" ><div class=\"component link\"><a href=\"https:\/\/colegiomirasur.com\/wp-content\/uploads\/sites\/92\/2025\/09\/Applications-and-Admissions-Policy-Mirasur-School-2025-.pdf\" class=\" btn btn-link\" target=\"_blank\">Applications and Admissions Policy<\/a><\/div><div class=\"component link\"><a href=\"https:\/\/colegiomirasur.com\/wp-content\/uploads\/sites\/92\/2025\/09\/Children-Absent-from-Education-and-Attendance-Policy-Mirasur-School-2025-.pdf\" class=\" btn btn-link\" target=\"_blank\">Children Absent from Education and Attendance Policy<\/a><\/div><div class=\"component link\"><a href=\"https:\/\/colegiomirasur.com\/wp-content\/uploads\/sites\/92\/2025\/09\/Anti-Bullying-Policy-Mirasur-School-2025-.pdf\" class=\" btn btn-link\" target=\"_blank\">Anti-Bullying Policy<\/a><\/div><div class=\"component link\"><a href=\"https:\/\/colegiomirasur.com\/wp-content\/uploads\/sites\/92\/2025\/09\/Behaviour-Policy-Mirasur-School-2025-.pdf\" class=\" btn btn-link\" target=\"_blank\">Behaviour Policy<\/a><\/div><div class=\"component link\"><a href=\"https:\/\/colegiomirasur.com\/wp-content\/uploads\/sites\/92\/2025\/10\/Complaints-Procedure-Mirasur-School-2025-.docx.pdf\" class=\" btn btn-link\" target=\"_blank\">Complaints Procedure<\/a><\/div><div class=\"component link\"><a href=\"https:\/\/colegiomirasur.com\/wp-content\/uploads\/sites\/92\/2025\/09\/Curriculum-Policy-Mirasur-School-2025-.pdf\" class=\" btn btn-link\" target=\"_blank\">Curriculum Policy<\/a><\/div><div class=\"component link\"><a href=\"https:\/\/colegiomirasur.com\/wp-content\/uploads\/sites\/92\/2025\/09\/Use-of-Reasonable-Force-Restrictive-Intervention-and-Restraint-Policy-Mirasur-School-2025-.pdf\" class=\" btn btn-link\" target=\"_blank\">Acceptable Use of Reasonable Force<\/a><\/div><div class=\"component link\"><a href=\"https:\/\/colegiomirasur.com\/wp-content\/uploads\/sites\/92\/2025\/09\/Drug-and-Alcohol-Policy-SPAIN-Mirasur-School-2025-.pdf\" class=\" btn btn-link\" target=\"_blank\">Drug and Alcohol Policy<\/a><\/div><div class=\"component link\"><a href=\"https:\/\/cognita.network\/colegiomirasur-v2\/wp-content\/uploads\/sites\/92\/2023\/05\/POLITICA-LINGUISTICA-Mirasur-School-1.pdf\" class=\" btn btn-link\" target=\"_blank\">Pol\u00edtica Ling\u00fc\u00edstica<\/a><\/div><div class=\"component link\"><a href=\"https:\/\/colegiomirasur.com\/wp-content\/uploads\/sites\/92\/2025\/09\/Educational-Visits-Policy-Mirasur-School-2025-.pdf\" class=\" btn btn-link\" target=\"_blank\">Educational Visits Policy<\/a><\/div><div class=\"component link\"><a href=\"https:\/\/colegiomirasur.com\/wp-content\/uploads\/sites\/92\/2025\/09\/Pupil-Supervision-Lost-Missing-Children-Policy-Mirasur-School-2025_.pdf\" class=\" btn btn-link-chevron\" target=\"_blank\">Student Supervision Policy and Missing Children During Extracurricular Activities<\/a><\/div><div class=\"component link\"><a href=\"https:\/\/colegiomirasur.com\/wp-content\/uploads\/sites\/92\/2025\/09\/Cognita-Europe-Regional-IT-Policy-Mirasur-School-2025-.docx.pdf\" class=\" btn btn-link\">IT Policy<\/a><\/div><\/div>\n                    <div class=\"col-lg-6 col-md-6    \"><div class=\"component link\"><a href=\"https:\/\/colegiomirasur.com\/wp-content\/uploads\/sites\/92\/2024\/10\/POLITICA-EVALUACION-Mirasur-School-sept-2024.pdf\" class=\" btn btn-link\" target=\"_blank\">Evaluation Policy<\/a><\/div><div class=\"component link\"><a href=\"https:\/\/colegiomirasur.com\/wp-content\/uploads\/sites\/92\/2025\/09\/Suspension-Exclusion-and-Removal-in-Other-Circumstances-Policy-Mirasur-School-2025-.pdf\" class=\" btn btn-link\" target=\"_blank\">Exclusion Policy<\/a><\/div><div class=\"component link\"><a href=\"https:\/\/colegiomirasur.com\/wp-content\/uploads\/sites\/92\/2025\/09\/First-Aid-Policy-Mirasur-School-2025.pdf\" class=\" btn btn-link\" target=\"_blank\">First Aid Policy<\/a><\/div><div class=\"component link\"><a href=\"https:\/\/colegiomirasur.com\/wp-content\/uploads\/sites\/92\/2025\/11\/OK-Health-and-Safety-Policy-Mirasur-School-2025.pdf\" class=\" btn btn-link\" target=\"_blank\">Health and Safety Policy<\/a><\/div><div class=\"component link\"><a href=\"https:\/\/colegiomirasur.com\/wp-content\/uploads\/sites\/92\/2025\/09\/Preventing-Radicalisation-Policy-Mirasur-School-2025-.docx.pdf\" class=\" btn btn-link\" target=\"_blank\">Preventing Radicalisation Policy<\/a><\/div><div class=\"component link\"><a href=\"https:\/\/colegiomirasur.com\/wp-content\/uploads\/sites\/92\/2025\/09\/Pupil-Supervision-Lost-Missing-Children-Policy-Mirasur-School-2025_.pdf\" class=\" btn btn-link\" target=\"_blank\">Pupil Supervision and Lost and Missing Children Policy<\/a><\/div><div class=\"component link\"><a href=\"https:\/\/colegiomirasur.com\/wp-content\/uploads\/sites\/92\/2025\/09\/Risk-Assessment-Policy-Mirasur-School-2025-.pdf\" class=\" btn btn-link\" target=\"_blank\">Risk Assessment Policy<\/a><\/div><div class=\"component link\"><a href=\"https:\/\/colegiomirasur.com\/wp-content\/uploads\/sites\/92\/2025\/09\/Safeguarding-and-Child-Protection-Policy-Mirasur-School-2025-.pdf\" class=\" btn btn-link\" target=\"_blank\">Safeguarding and Child Protection Policy and Procedure<\/a><\/div><div class=\"component link\"><a href=\"https:\/\/colegiomirasur.com\/wp-content\/uploads\/sites\/92\/2026\/01\/ACADEMIC-PROBITY-POLICY.pdf\" class=\" btn btn-link\" target=\"_blank\">Academic Integrity Policy<\/a><\/div><div class=\"component link\"><a href=\"https:\/\/colegiomirasur.com\/wp-content\/uploads\/sites\/92\/2025\/09\/SEND-NEAE-Policy-Mirasur-School-2025-.pdf\" class=\" btn btn-link\" target=\"_blank\">SEND Policy<\/a><\/div><div class=\"component link\"><a href=\"\/en\/privacy-and-cookie-notices\/\" class=\" btn btn-link\" target=\"_blank\">Privacy and Cookie Notices<\/a><\/div><div class=\"component link\"><a href=\"https:\/\/colegiomirasur.com\/wp-content\/uploads\/sites\/92\/2024\/10\/POLITICA-ATENCION-A-LA-DIVERSIDAD-Mirasur-School-Sept-2024.pdf\" class=\" btn btn-link\">Diversity Outreach Policy<\/a><\/div><div class=\"component link\"><a href=\"https:\/\/colegiomirasur.com\/wp-content\/uploads\/sites\/92\/2025\/09\/Early-Years-Mobile-Phones-and-device-Policy-Mirasur-School-2025_.pdf\" class=\" btn btn-link\">Mobile Phones and device Policy<\/a><\/div> <\/div>\n             <\/div>\n        <\/div>\n<\/section>\n            <\/div>[\/vc_column][\/vc_row][vc_row][vc_column]<section class=\"section section--blue bottom-step TopBottomBorder   \" style=\"background-image: url('https:\/\/colegiomirasur.com\/wp-content\/uploads\/sites\/92\/2023\/03\/Fotos-Mirasur-430-e1684237581947.jpg');;;\"><style>.bottom-step.section--blue:before {background: rgba(0,0,0,0.4);}<\/style><div class=\"container-fluid\"><div class=\"row\"><div class=\"col-sm-12\"><div class=\"component title\"><p class=\"body-small\">Next steps<\/p><\/div><\/div><\/div><div class=\"row\"><div class=\"col-md-4\"><div class=\"component linkcard \">\n                                <a class=\"card card--bordered\" href=\"\/en\/open-days-and-visits\/\">\n                                    <div class=\"card-body d-flex align-items-center\">\n                                    <div> <div class=\"component link\">\n                                            <div  class=\"btn btn-link simple-link h5\">Open Days & Visits<\/div>\n                                        <\/div><\/div><\/div><\/a><\/div><\/div><div class=\"col-md-4\"><div class=\"component linkcard \">\n                                <a class=\"card card--bordered\" href=\"\/en\/facilities-location\/\">\n                                    <div class=\"card-body d-flex align-items-center\">\n                                    <div> <div class=\"component link\">\n                                            <div  class=\"btn btn-link simple-link h5\">Facilities & Location<\/div>\n                                        <\/div><\/div><\/div><\/a><\/div><\/div><div class=\"col-md-4\"><div class=\"component linkcard \">\n                                <a class=\"card card--bordered\" href=\"\/en\/academic-excellence\/\">\n                                    <div class=\"card-body d-flex align-items-center\">\n                                    <div> <div class=\"component link\">\n                                            <div  class=\"btn btn-link simple-link h5\">Academic Excellence<\/div>\n                                        <\/div><\/div><\/div><\/a><\/div><\/div><\/div><\/section>[\/vc_column][\/vc_row]<\/p>\n<\/div>","protected":false},"excerpt":{"rendered":"<p>[vc_row][vc_column][\/vc_column][\/vc_row][vc_row][vc_column][\/vc_column][\/vc_row][vc_row][vc_column][\/vc_column][\/vc_row][vc_row][vc_column][\/vc_column][\/vc_row]<\/p>\n","protected":false},"author":390,"featured_media":0,"parent":0,"menu_order":0,"comment_status":"closed","ping_status":"closed","template":"","meta":{"_acf_changed":false,"footnotes":""},"class_list":["post-1114","page","type-page","status-publish","hentry"],"acf":[],"yoast_head":"<!-- This site is optimized with the Yoast SEO plugin v27.4 - https:\/\/yoast.com\/product\/yoast-seo-wordpress\/ -->\n<title>School Policies - Mirasur School<\/title>\n<meta name=\"description\" content=\"At Mirasur School we are committed to providing a safe environment to ensure the physical and emotional wellbeing of pupils and staff.\" \/>\n<meta name=\"robots\" content=\"index, follow, max-snippet:-1, max-image-preview:large, max-video-preview:-1\" \/>\n<link rel=\"canonical\" href=\"https:\/\/colegiomirasur.com\/en\/school-policies\/\" \/>\n<meta property=\"og:locale\" content=\"en_US\" \/>\n<meta property=\"og:type\" content=\"article\" \/>\n<meta property=\"og:title\" content=\"School Policies - Mirasur School\" \/>\n<meta property=\"og:description\" content=\"At Mirasur School we are committed to providing a safe environment to ensure the physical and emotional wellbeing of pupils and staff.\" \/>\n<meta property=\"og:url\" content=\"https:\/\/colegiomirasur.com\/en\/school-policies\/\" \/>\n<meta property=\"og:site_name\" content=\"Mirasur School\" \/>\n<meta property=\"article:publisher\" content=\"https:\/\/www.facebook.com\/socialmediacolegiomirasur\/\" \/>\n<meta property=\"article:modified_time\" content=\"2026-01-14T10:07:21+00:00\" \/>\n<meta property=\"og:image\" content=\"https:\/\/colegiomirasur.com\/wp-content\/uploads\/sites\/92\/2023\/06\/Mirasur-logo-homepage-1.png\" \/>\n\t<meta property=\"og:image:width\" content=\"2000\" \/>\n\t<meta property=\"og:image:height\" content=\"1150\" \/>\n\t<meta property=\"og:image:type\" content=\"image\/png\" \/>\n<meta name=\"twitter:card\" content=\"summary_large_image\" \/>\n<meta name=\"twitter:site\" content=\"@ColegioMirasur\" \/>\n<meta name=\"twitter:label1\" content=\"Est. reading time\" \/>\n\t<meta name=\"twitter:data1\" content=\"1 minute\" \/>\n<!-- \/ Yoast SEO plugin. -->","yoast_head_json":{"title":"School Policies - Mirasur School","description":"At Mirasur School we are committed to providing a safe environment to ensure the physical and emotional wellbeing of pupils and staff.","robots":{"index":"index","follow":"follow","max-snippet":"max-snippet:-1","max-image-preview":"max-image-preview:large","max-video-preview":"max-video-preview:-1"},"canonical":"https:\/\/colegiomirasur.com\/en\/school-policies\/","og_locale":"en_US","og_type":"article","og_title":"School Policies - Mirasur School","og_description":"At Mirasur School we are committed to providing a safe environment to ensure the physical and emotional wellbeing of pupils and staff.","og_url":"https:\/\/colegiomirasur.com\/en\/school-policies\/","og_site_name":"Mirasur School","article_publisher":"https:\/\/www.facebook.com\/socialmediacolegiomirasur\/","article_modified_time":"2026-01-14T10:07:21+00:00","og_image":[{"width":2000,"height":1150,"url":"https:\/\/colegiomirasur.com\/wp-content\/uploads\/sites\/92\/2023\/06\/Mirasur-logo-homepage-1.png","type":"image\/png"}],"twitter_card":"summary_large_image","twitter_site":"@ColegioMirasur","twitter_misc":{"Est. reading time":"1 minute"},"schema":{"@context":"https:\/\/schema.org","@graph":[{"@type":"WebPage","@id":"https:\/\/colegiomirasur.com\/en\/school-policies\/","url":"https:\/\/colegiomirasur.com\/en\/school-policies\/","name":"School Policies - Mirasur School","isPartOf":{"@id":"https:\/\/colegiomirasur.com\/en\/#website"},"datePublished":"2021-09-15T15:40:14+00:00","dateModified":"2026-01-14T10:07:21+00:00","description":"At Mirasur School we are committed to providing a safe environment to ensure the physical and emotional wellbeing of pupils and staff.","breadcrumb":{"@id":"https:\/\/colegiomirasur.com\/en\/school-policies\/#breadcrumb"},"inLanguage":"en-US","potentialAction":[{"@type":"ReadAction","target":["https:\/\/colegiomirasur.com\/en\/school-policies\/"]}]},{"@type":"BreadcrumbList","@id":"https:\/\/colegiomirasur.com\/en\/school-policies\/#breadcrumb","itemListElement":[{"@type":"ListItem","position":1,"name":"Home","item":"https:\/\/colegiomirasur.com\/en\/"},{"@type":"ListItem","position":2,"name":"School Policies"}]},{"@type":"WebSite","@id":"https:\/\/colegiomirasur.com\/en\/#website","url":"https:\/\/colegiomirasur.com\/en\/","name":"Mirasur School","description":"Mirasur School is...tagline","publisher":{"@id":"https:\/\/colegiomirasur.com\/en\/#organization"},"potentialAction":[{"@type":"SearchAction","target":{"@type":"EntryPoint","urlTemplate":"https:\/\/colegiomirasur.com\/en\/?s={search_term_string}"},"query-input":{"@type":"PropertyValueSpecification","valueRequired":true,"valueName":"search_term_string"}}],"inLanguage":"en-US"},{"@type":"Organization","@id":"https:\/\/colegiomirasur.com\/en\/#organization","name":"Mirasur School","url":"https:\/\/colegiomirasur.com\/en\/","logo":{"@type":"ImageObject","inLanguage":"en-US","@id":"https:\/\/colegiomirasur.com\/en\/#\/schema\/logo\/image\/","url":"https:\/\/colegiomirasur.com\/wp-content\/uploads\/sites\/92\/2023\/06\/cropped-44216714-4084-4c7a-acc2-671caf7daafe.png","contentUrl":"https:\/\/colegiomirasur.com\/wp-content\/uploads\/sites\/92\/2023\/06\/cropped-44216714-4084-4c7a-acc2-671caf7daafe.png","width":512,"height":512,"caption":"Mirasur School"},"image":{"@id":"https:\/\/colegiomirasur.com\/en\/#\/schema\/logo\/image\/"},"sameAs":["https:\/\/www.facebook.com\/socialmediacolegiomirasur\/","https:\/\/x.com\/ColegioMirasur","https:\/\/www.instagram.com\/colegiomirasur\/","https:\/\/www.youtube.com\/@socialmedia2137\/featured","https:\/\/www.linkedin.com\/company\/mirasur-school\/"]}]}},"jetpack_sharing_enabled":true,"_links":{"self":[{"href":"https:\/\/colegiomirasur.com\/en\/wp-json\/wp\/v2\/pages\/1114","targetHints":{"allow":["GET"]}}],"collection":[{"href":"https:\/\/colegiomirasur.com\/en\/wp-json\/wp\/v2\/pages"}],"about":[{"href":"https:\/\/colegiomirasur.com\/en\/wp-json\/wp\/v2\/types\/page"}],"author":[{"embeddable":true,"href":"https:\/\/colegiomirasur.com\/en\/wp-json\/wp\/v2\/users\/390"}],"replies":[{"embeddable":true,"href":"https:\/\/colegiomirasur.com\/en\/wp-json\/wp\/v2\/comments?post=1114"}],"version-history":[{"count":97,"href":"https:\/\/colegiomirasur.com\/en\/wp-json\/wp\/v2\/pages\/1114\/revisions"}],"predecessor-version":[{"id":72170,"href":"https:\/\/colegiomirasur.com\/en\/wp-json\/wp\/v2\/pages\/1114\/revisions\/72170"}],"wp:attachment":[{"href":"https:\/\/colegiomirasur.com\/en\/wp-json\/wp\/v2\/media?parent=1114"}],"curies":[{"name":"wp","href":"https:\/\/api.w.org\/{rel}","templated":true}]}}